{"id":1260,"date":"2022-12-18T20:26:43","date_gmt":"2022-12-18T20:26:43","guid":{"rendered":"https:\/\/it.ruminants.ceva.com\/?page_id=1260"},"modified":"2024-10-22T07:17:43","modified_gmt":"2024-10-22T07:17:43","slug":"infertilita","status":"publish","type":"page","link":"https:\/\/ruminanti.ceva-italia.it\/en\/infertilita\/","title":{"rendered":"Infertility"},"content":{"rendered":"","protected":false},"excerpt":{"rendered":"","protected":false},"author":1,"featured_media":0,"parent":0,"menu_order":0,"comment_status":"closed","ping_status":"closed","template":"","meta":{"_acf_changed":false,"footnotes":""},"class_list":["post-1260","page","type-page","status-publish","hentry"],"acf":[],"yoast_head":"<!-- This site is optimized with the Yoast SEO plugin v24.9 - https:\/\/yoast.com\/wordpress\/plugins\/seo\/ -->\n<title>Infertility - Ceva Ruminants - Italy<\/title>\n<meta name=\"description\" content=\"L&#039;infertilit\u00e0 \u00e8 un problema comune che pu\u00f2 influire sulla salute riproduttiva di bovini, ovini e caprini. Scopri di pi\u00f9\" \/>\n<meta name=\"robots\" content=\"index, follow, max-snippet:-1, max-image-preview:large, max-video-preview:-1\" \/>\n<link rel=\"canonical\" href=\"https:\/\/ruminanti.ceva-italia.it\/riproduzione\/\" \/>\n<meta property=\"og:locale\" content=\"en_US\" \/>\n<meta property=\"og:type\" content=\"article\" \/>\n<meta property=\"og:title\" content=\"Infertility in cows\" \/>\n<meta property=\"og:description\" content=\"Infertility is a common problem that can affect the reproductive health of cattle, sheep, and goats. Learn more!\" \/>\n<meta property=\"og:url\" content=\"https:\/\/ruminanti.ceva-italia.it\/riproduzione\/\" \/>\n<meta property=\"og:site_name\" content=\"Ceva Ruminants - Italy\" \/>\n<meta property=\"article:modified_time\" content=\"2024-10-22T07:17:43+00:00\" \/>\n<meta property=\"og:image\" content=\"https:\/\/ruminants.ceva.com\/app\/uploads\/sites\/27\/2023\/02\/infertility_banner.png\" \/>\n\t<meta property=\"og:image:width\" content=\"1440\" \/>\n\t<meta property=\"og:image:height\" content=\"280\" \/>\n\t<meta property=\"og:image:type\" content=\"image\/png\" \/>\n<meta name=\"twitter:card\" content=\"summary_large_image\" \/>\n<meta name=\"twitter:title\" content=\"Infertility in cows\" \/>\n<meta name=\"twitter:description\" content=\"Infertility is a common problem that can affect the reproductive health of cattle, sheep, and goats. Learn more!\" \/>\n<meta name=\"twitter:image\" content=\"https:\/\/ruminants.ceva.com\/app\/uploads\/sites\/27\/2023\/02\/infertility_banner.png\" \/>\n<script type=\"application\/ld+json\" class=\"yoast-schema-graph\">{\"@context\":\"https:\/\/schema.org\",\"@graph\":[{\"@type\":\"WebPage\",\"@id\":\"https:\/\/ruminanti.ceva-italia.it\/riproduzione\/\",\"url\":\"https:\/\/ruminanti.ceva-italia.it\/riproduzione\/\",\"name\":\"Infertility - Ceva Ruminants - Italy\",\"isPartOf\":{\"@id\":\"https:\/\/ruminanti.ceva-italia.it\/#website\"},\"datePublished\":\"2022-12-18T20:26:43+00:00\",\"dateModified\":\"2024-10-22T07:17:43+00:00\",\"description\":\"L'infertilit\u00e0 \u00e8 un problema comune che pu\u00f2 influire sulla salute riproduttiva di bovini, ovini e caprini. Scopri di pi\u00f9\",\"breadcrumb\":{\"@id\":\"https:\/\/ruminanti.ceva-italia.it\/riproduzione\/#breadcrumb\"},\"inLanguage\":\"en-US\",\"potentialAction\":[{\"@type\":\"ReadAction\",\"target\":[\"https:\/\/ruminanti.ceva-italia.it\/riproduzione\/\"]}]},{\"@type\":\"BreadcrumbList\",\"@id\":\"https:\/\/ruminanti.ceva-italia.it\/riproduzione\/#breadcrumb\",\"itemListElement\":[{\"@type\":\"ListItem\",\"position\":1,\"name\":\"Home\",\"item\":\"https:\/\/ruminanti.ceva-italia.it\/en\/\"},{\"@type\":\"ListItem\",\"position\":2,\"name\":\"Infertility\"}]},{\"@type\":\"WebSite\",\"@id\":\"https:\/\/ruminanti.ceva-italia.it\/#website\",\"url\":\"https:\/\/ruminanti.ceva-italia.it\/\",\"name\":\"Ceva Ruminants - Italy\",\"description\":\"At Ceva we are dedicated to meeting the needs of our ruminant world.\",\"publisher\":{\"@id\":\"https:\/\/ruminanti.ceva-italia.it\/#organization\"},\"potentialAction\":[{\"@type\":\"SearchAction\",\"target\":{\"@type\":\"EntryPoint\",\"urlTemplate\":\"https:\/\/ruminanti.ceva-italia.it\/?s={search_term_string}\"},\"query-input\":{\"@type\":\"PropertyValueSpecification\",\"valueRequired\":true,\"valueName\":\"search_term_string\"}}],\"inLanguage\":\"en-US\"},{\"@type\":\"Organization\",\"@id\":\"https:\/\/ruminanti.ceva-italia.it\/#organization\",\"name\":\"Ceva Sant\u00e9 Animale\",\"url\":\"https:\/\/ruminanti.ceva-italia.it\/\",\"logo\":{\"@type\":\"ImageObject\",\"inLanguage\":\"en-US\",\"@id\":\"https:\/\/ruminanti.ceva-italia.it\/#\/schema\/logo\/image\/\",\"url\":\"https:\/\/it.ruminants.ceva.com\/app\/uploads\/2022\/04\/video-2-poster.png\",\"contentUrl\":\"https:\/\/it.ruminants.ceva.com\/app\/uploads\/2022\/04\/video-2-poster.png\",\"width\":684,\"height\":368,\"caption\":\"Ceva Sant\u00e9 Animale\"},\"image\":{\"@id\":\"https:\/\/ruminanti.ceva-italia.it\/#\/schema\/logo\/image\/\"}}]}<\/script>\n<!-- \/ Yoast SEO plugin. -->","yoast_head_json":{"title":"Infertility - Ceva Ruminants - Italy","description":"L'infertilit\u00e0 \u00e8 un problema comune che pu\u00f2 influire sulla salute riproduttiva di bovini, ovini e caprini. Scopri di pi\u00f9","robots":{"index":"index","follow":"follow","max-snippet":"max-snippet:-1","max-image-preview":"max-image-preview:large","max-video-preview":"max-video-preview:-1"},"canonical":"https:\/\/ruminanti.ceva-italia.it\/riproduzione\/","og_locale":"en_US","og_type":"article","og_title":"Infertility in cows","og_description":"Infertility is a common problem that can affect the reproductive health of cattle, sheep, and goats. Learn more!","og_url":"https:\/\/ruminanti.ceva-italia.it\/riproduzione\/","og_site_name":"Ceva Ruminants - Italy","article_modified_time":"2024-10-22T07:17:43+00:00","og_image":[{"width":1440,"height":280,"url":"https:\/\/ruminants.ceva.com\/app\/uploads\/sites\/27\/2023\/02\/infertility_banner.png","type":"image\/png"}],"twitter_card":"summary_large_image","twitter_title":"Infertility in cows","twitter_description":"Infertility is a common problem that can affect the reproductive health of cattle, sheep, and goats. Learn more!","twitter_image":"https:\/\/ruminants.ceva.com\/app\/uploads\/sites\/27\/2023\/02\/infertility_banner.png","schema":{"@context":"https:\/\/schema.org","@graph":[{"@type":"WebPage","@id":"https:\/\/ruminanti.ceva-italia.it\/riproduzione\/","url":"https:\/\/ruminanti.ceva-italia.it\/riproduzione\/","name":"Infertility - Ceva Ruminants - Italy","isPartOf":{"@id":"https:\/\/ruminanti.ceva-italia.it\/#website"},"datePublished":"2022-12-18T20:26:43+00:00","dateModified":"2024-10-22T07:17:43+00:00","description":"L'infertilit\u00e0 \u00e8 un problema comune che pu\u00f2 influire sulla salute riproduttiva di bovini, ovini e caprini. Scopri di pi\u00f9","breadcrumb":{"@id":"https:\/\/ruminanti.ceva-italia.it\/riproduzione\/#breadcrumb"},"inLanguage":"en-US","potentialAction":[{"@type":"ReadAction","target":["https:\/\/ruminanti.ceva-italia.it\/riproduzione\/"]}]},{"@type":"BreadcrumbList","@id":"https:\/\/ruminanti.ceva-italia.it\/riproduzione\/#breadcrumb","itemListElement":[{"@type":"ListItem","position":1,"name":"Home","item":"https:\/\/ruminanti.ceva-italia.it\/en\/"},{"@type":"ListItem","position":2,"name":"Infertility"}]},{"@type":"WebSite","@id":"https:\/\/ruminanti.ceva-italia.it\/#website","url":"https:\/\/ruminanti.ceva-italia.it\/","name":"Ceva Ruminants - Italy","description":"At Ceva we are dedicated to meeting the needs of our ruminant world.","publisher":{"@id":"https:\/\/ruminanti.ceva-italia.it\/#organization"},"potentialAction":[{"@type":"SearchAction","target":{"@type":"EntryPoint","urlTemplate":"https:\/\/ruminanti.ceva-italia.it\/?s={search_term_string}"},"query-input":{"@type":"PropertyValueSpecification","valueRequired":true,"valueName":"search_term_string"}}],"inLanguage":"en-US"},{"@type":"Organization","@id":"https:\/\/ruminanti.ceva-italia.it\/#organization","name":"Ceva Sant\u00e9 Animale","url":"https:\/\/ruminanti.ceva-italia.it\/","logo":{"@type":"ImageObject","inLanguage":"en-US","@id":"https:\/\/ruminanti.ceva-italia.it\/#\/schema\/logo\/image\/","url":"https:\/\/it.ruminants.ceva.com\/app\/uploads\/2022\/04\/video-2-poster.png","contentUrl":"https:\/\/it.ruminants.ceva.com\/app\/uploads\/2022\/04\/video-2-poster.png","width":684,"height":368,"caption":"Ceva Sant\u00e9 Animale"},"image":{"@id":"https:\/\/ruminanti.ceva-italia.it\/#\/schema\/logo\/image\/"}}]}},"_links":{"self":[{"href":"https:\/\/ruminanti.ceva-italia.it\/en\/wp-json\/wp\/v2\/pages\/1260","targetHints":{"allow":["GET"]}}],"collection":[{"href":"https:\/\/ruminanti.ceva-italia.it\/en\/wp-json\/wp\/v2\/pages"}],"about":[{"href":"https:\/\/ruminanti.ceva-italia.it\/en\/wp-json\/wp\/v2\/types\/page"}],"author":[{"embeddable":true,"href":"https:\/\/ruminanti.ceva-italia.it\/en\/wp-json\/wp\/v2\/users\/1"}],"replies":[{"embeddable":true,"href":"https:\/\/ruminanti.ceva-italia.it\/en\/wp-json\/wp\/v2\/comments?post=1260"}],"version-history":[{"count":20,"href":"https:\/\/ruminanti.ceva-italia.it\/en\/wp-json\/wp\/v2\/pages\/1260\/revisions"}],"predecessor-version":[{"id":3612,"href":"https:\/\/ruminanti.ceva-italia.it\/en\/wp-json\/wp\/v2\/pages\/1260\/revisions\/3612"}],"wp:attachment":[{"href":"https:\/\/ruminanti.ceva-italia.it\/en\/wp-json\/wp\/v2\/media?parent=1260"}],"curies":[{"name":"wp","href":"https:\/\/api.w.org\/{rel}","templated":true}]}}